{"id":74,"date":"2020-06-14T14:12:32","date_gmt":"2020-06-14T14:12:32","guid":{"rendered":"http:\/\/www.0-auf-100.com\/?page_id=74"},"modified":"2024-04-21T05:23:07","modified_gmt":"2024-04-21T05:23:07","slug":"ueber-mich","status":"publish","type":"page","link":"https:\/\/www.0-auf-100.com\/?page_id=74","title":{"rendered":"\u00dcber Mich"},"content":{"rendered":"\t\t<div data-elementor-type=\"wp-page\" data-elementor-id=\"74\" class=\"elementor elementor-74\">\n\t\t\t\t\t\t<section class=\"elementor-section elementor-top-section elementor-element elementor-element-43ff14ef elementor-section-content-middle elementor-section-boxed elementor-section-height-default elementor-section-height-default\" data-id=\"43ff14ef\" data-element_type=\"section\" data-e-type=\"section\">\n\t\t\t\t\t\t<div class=\"elementor-container elementor-column-gap-no\">\n\t\t\t\t\t<div class=\"elementor-column elementor-col-50 elementor-top-column elementor-element elementor-element-42233728\" data-id=\"42233728\" data-element_type=\"column\" data-e-type=\"column\">\n\t\t\t<div class=\"elementor-widget-wrap elementor-element-populated\">\n\t\t\t\t\t\t<div class=\"elementor-element elementor-element-259b31b0 elementor-widget elementor-widget-image\" data-id=\"259b31b0\" data-element_type=\"widget\" data-e-type=\"widget\" data-widget_type=\"image.default\">\n\t\t\t\t<div class=\"elementor-widget-container\">\n\t\t\t\t\t\t\t\t\t\t\t\t\t\t\t<img fetchpriority=\"high\" decoding=\"async\" width=\"683\" height=\"1024\" src=\"https:\/\/www.0-auf-100.com\/wp-content\/uploads\/2020\/06\/Speaker-Night-57-Kopie_lzn.jpg\" class=\"attachment-full size-full wp-image-184\" alt=\"\" srcset=\"https:\/\/www.0-auf-100.com\/wp-content\/uploads\/2020\/06\/Speaker-Night-57-Kopie_lzn.jpg 683w, https:\/\/www.0-auf-100.com\/wp-content\/uploads\/2020\/06\/Speaker-Night-57-Kopie_lzn-200x300.jpg 200w\" sizes=\"(max-width: 683px) 100vw, 683px\" \/>\t\t\t\t\t\t\t\t\t\t\t\t\t\t\t<\/div>\n\t\t\t\t<\/div>\n\t\t\t\t\t<\/div>\n\t\t<\/div>\n\t\t\t\t<div class=\"elementor-column elementor-col-50 elementor-top-column elementor-element elementor-element-61ce0bce\" data-id=\"61ce0bce\" data-element_type=\"column\" data-e-type=\"column\">\n\t\t\t<div class=\"elementor-widget-wrap elementor-element-populated\">\n\t\t\t\t\t\t<div class=\"elementor-element elementor-element-45df22a3 elementor-view-default elementor-widget elementor-widget-icon\" data-id=\"45df22a3\" data-element_type=\"widget\" data-e-type=\"widget\" data-widget_type=\"icon.default\">\n\t\t\t\t<div class=\"elementor-widget-container\">\n\t\t\t\t\t\t\t<div class=\"elementor-icon-wrapper\">\n\t\t\t<div class=\"elementor-icon\">\n\t\t\t\t\t\t\t<i class=\"fa fa-quote-left\" aria-hidden=\"true\"><\/i>\n\t\t\t\t\t\t<\/div>\n\t\t<\/div>\n\t\t\t\t\t\t<\/div>\n\t\t\t\t<\/div>\n\t\t\t\t<div class=\"elementor-element elementor-element-1c76f525 elementor-widget elementor-widget-text-editor\" data-id=\"1c76f525\" data-element_type=\"widget\" data-e-type=\"widget\" data-widget_type=\"text-editor.default\">\n\t\t\t\t<div class=\"elementor-widget-container\">\n\t\t\t\t\t\t\t\t\t<p><strong>\u201eWas immer du tun kannst oder tr\u00e4umst, es zu k\u00f6nnen, fang damit an! Mut hat Genie, Kraft und Zauber in sich. \u201c<\/strong>\u00a0<\/p><p>Johann Wolfgang von Goethe<\/p>\t\t\t\t\t\t\t\t<\/div>\n\t\t\t\t<\/div>\n\t\t\t\t<div class=\"elementor-element elementor-element-16f7ee21 elementor-widget elementor-widget-heading\" data-id=\"16f7ee21\" data-element_type=\"widget\" data-e-type=\"widget\" data-widget_type=\"heading.default\">\n\t\t\t\t<div class=\"elementor-widget-container\">\n\t\t\t\t\t<h2 class=\"elementor-heading-title elementor-size-default\">Mein wichtigstes Zitat<\/h2>\t\t\t\t<\/div>\n\t\t\t\t<\/div>\n\t\t\t\t<div class=\"elementor-element elementor-element-291f8f2f elementor-widget elementor-widget-heading\" data-id=\"291f8f2f\" data-element_type=\"widget\" data-e-type=\"widget\" data-widget_type=\"heading.default\">\n\t\t\t\t<div class=\"elementor-widget-container\">\n\t\t\t\t\t<h2 class=\"elementor-heading-title elementor-size-default\">Es sagt einfach alles aus, was im Leben z\u00e4hlt.\n<\/h2>\t\t\t\t<\/div>\n\t\t\t\t<\/div>\n\t\t\t\t\t<\/div>\n\t\t<\/div>\n\t\t\t\t\t<\/div>\n\t\t<\/section>\n\t\t\t\t<section class=\"elementor-section elementor-top-section elementor-element elementor-element-281c26d2 elementor-section-content-middle elementor-section-boxed elementor-section-height-default elementor-section-height-default\" data-id=\"281c26d2\" data-element_type=\"section\" data-e-type=\"section\" data-settings=\"{&quot;background_background&quot;:&quot;classic&quot;}\">\n\t\t\t\t\t\t<div class=\"elementor-container elementor-column-gap-no\">\n\t\t\t\t\t<div class=\"elementor-column elementor-col-50 elementor-top-column elementor-element elementor-element-6d17121a\" data-id=\"6d17121a\" data-element_type=\"column\" data-e-type=\"column\">\n\t\t\t<div class=\"elementor-widget-wrap elementor-element-populated\">\n\t\t\t\t\t\t<div class=\"elementor-element elementor-element-4ca5f47f elementor-view-default elementor-widget elementor-widget-icon\" data-id=\"4ca5f47f\" data-element_type=\"widget\" data-e-type=\"widget\" data-widget_type=\"icon.default\">\n\t\t\t\t<div class=\"elementor-widget-container\">\n\t\t\t\t\t\t\t<div class=\"elementor-icon-wrapper\">\n\t\t\t<div class=\"elementor-icon\">\n\t\t\t<i aria-hidden=\"true\" class=\"fas fa-quote-left\"><\/i>\t\t\t<\/div>\n\t\t<\/div>\n\t\t\t\t\t\t<\/div>\n\t\t\t\t<\/div>\n\t\t\t\t<div class=\"elementor-element elementor-element-6be445e9 elementor-widget elementor-widget-text-editor\" data-id=\"6be445e9\" data-element_type=\"widget\" data-e-type=\"widget\" data-widget_type=\"text-editor.default\">\n\t\t\t\t<div class=\"elementor-widget-container\">\n\t\t\t\t\t\t\t\t\t<p>Als erfahrener Radsportler, mehrfacher Ironman Finisher und Ultramarathon L\u00e4ufer habe ich gelernt, dass Ausdauer, Entschlossenheit und die F\u00e4higkeit zur Selbstmotivation entscheidend f\u00fcr den Erfolg sind. Diese Prinzipien habe ich nicht nur im Sport, sondern auch in meiner langj\u00e4hrigen Karriere im Verkauf angewendet.<\/p><p>Mit einer erfolgreichen Laufbahn, die sich ausschlie\u00dflich dem Verkauf gewidmet hat, habe ich ein tiefes Verst\u00e4ndnis f\u00fcr die Bed\u00fcrfnisse von Kunden und die Dynamik des Verkaufsprozesses entwickelt. Als selbstst\u00e4ndiger Verk\u00e4ufer und Gesch\u00e4ftsf\u00fchrer habe ich zahlreiche Unternehmen dabei unterst\u00fctzt, ihre Ums\u00e4tze zu steigern und nachhaltige Kundenbeziehungen aufzubauen.<\/p><p>Heute lebe ich meine Leidenschaft, indem ich Unternehmen und Verk\u00e4ufer dabei unterst\u00fctze, ihre Verkaufsergebnisse zu maximieren und langfristige Erfolge zu erzielen. Von der Kundenakquise \u00fcber die Verhandlungsf\u00fchrung bis hin zur Kundenbindung biete ich ma\u00dfgeschneiderte L\u00f6sungen an, die auf die individuellen Bed\u00fcrfnisse und Ziele meiner Kunden zugeschnitten sind.<\/p><p>Ich glaube fest daran, dass erfolgreicher Verkauf auf Vertrauen, Empathie und einer tiefen Kenntnis der Produkte und des Marktes basiert. Mit meiner umfassenden Erfahrung und meiner Leidenschaft f\u00fcr den Verkauf unterst\u00fctze ich Verk\u00e4ufer dabei, ihr volles Potenzial auszusch\u00f6pfen und langfristige Erfolge zu erzielen.<\/p><p>Mit mehreren Jahren als selbstst\u00e4ndiger Verk\u00e4ufer und Gesch\u00e4ftsf\u00fchrer habe ich ein tiefes Verst\u00e4ndnis f\u00fcr die Bed\u00fcrfnisse von Kunden und die Dynamik des Verkaufsprozesses entwickelt. Heute arbeite ich leidenschaftlich daran, Unternehmen und Verk\u00e4ufer dabei zu unterst\u00fctzen, ihre Verkaufsergebnisse zu maximieren und nachhaltige Beziehungen zu ihren Kunden aufzubauen.<\/p><p>Meine Coachings und Trainings sind darauf ausgerichtet, Verk\u00e4ufern die F\u00e4higkeiten und Strategien zu vermitteln, die sie ben\u00f6tigen, um in einem wettbewerbsintensiven Markt erfolgreich zu sein. Von der Kundenakquise \u00fcber die Verhandlungsf\u00fchrung bis hin zur langfristigen Kundenbindung biete ich praxisorientierte L\u00f6sungen an, die auf die individuellen Herausforderungen und Ziele jedes Verk\u00e4ufers zugeschnitten sind.<\/p><p>Ich glaube fest daran, dass erfolgreicher Verkauf auf Vertrauen, Empathie und einer tiefen Kenntnis der Produkte und des Marktes basiert. Mit meiner Erfahrung und Leidenschaft helfe ich Verk\u00e4ufern dabei, ihr volles Potenzial auszusch\u00f6pfen und langfristige Erfolge zu erzielen.<\/p>\t\t\t\t\t\t\t\t<\/div>\n\t\t\t\t<\/div>\n\t\t\t\t<div class=\"elementor-element elementor-element-47a406d3 elementor-widget elementor-widget-heading\" data-id=\"47a406d3\" data-element_type=\"widget\" data-e-type=\"widget\" data-widget_type=\"heading.default\">\n\t\t\t\t<div class=\"elementor-widget-container\">\n\t\t\t\t\t<h2 class=\"elementor-heading-title elementor-size-default\">Karsten Kroll<\/h2>\t\t\t\t<\/div>\n\t\t\t\t<\/div>\n\t\t\t\t<div class=\"elementor-element elementor-element-15d65ed elementor-widget elementor-widget-heading\" data-id=\"15d65ed\" data-element_type=\"widget\" data-e-type=\"widget\" data-widget_type=\"heading.default\">\n\t\t\t\t<div class=\"elementor-widget-container\">\n\t\t\t\t\t<h2 class=\"elementor-heading-title elementor-size-default\">Keynotespeaker, Autor und coach<\/h2>\t\t\t\t<\/div>\n\t\t\t\t<\/div>\n\t\t\t\t\t<\/div>\n\t\t<\/div>\n\t\t\t\t<div class=\"elementor-column elementor-col-50 elementor-top-column elementor-element elementor-element-114784d3\" data-id=\"114784d3\" data-element_type=\"column\" data-e-type=\"column\">\n\t\t\t<div class=\"elementor-widget-wrap elementor-element-populated\">\n\t\t\t\t\t\t<div class=\"elementor-element elementor-element-a5a36e5 elementor-widget elementor-widget-image\" data-id=\"a5a36e5\" data-element_type=\"widget\" data-e-type=\"widget\" data-widget_type=\"image.default\">\n\t\t\t\t<div class=\"elementor-widget-container\">\n\t\t\t\t\t\t\t\t\t\t\t\t\t\t\t<img decoding=\"async\" width=\"1024\" height=\"683\" src=\"https:\/\/www.0-auf-100.com\/wp-content\/uploads\/2020\/07\/Speaker-Night-66-Kopie-scaled.jpg\" class=\"attachment-large size-large wp-image-296\" alt=\"\" srcset=\"https:\/\/www.0-auf-100.com\/wp-content\/uploads\/2020\/07\/Speaker-Night-66-Kopie-scaled.jpg 2560w, https:\/\/www.0-auf-100.com\/wp-content\/uploads\/2020\/07\/Speaker-Night-66-Kopie-300x200.jpg 300w, https:\/\/www.0-auf-100.com\/wp-content\/uploads\/2020\/07\/Speaker-Night-66-Kopie-768x512.jpg 768w, https:\/\/www.0-auf-100.com\/wp-content\/uploads\/2020\/07\/Speaker-Night-66-Kopie-2048x1365.jpg 2048w\" sizes=\"(max-width: 1024px) 100vw, 1024px\" \/>\t\t\t\t\t\t\t\t\t\t\t\t\t\t\t<\/div>\n\t\t\t\t<\/div>\n\t\t\t\t\t<\/div>\n\t\t<\/div>\n\t\t\t\t\t<\/div>\n\t\t<\/section>\n\t\t\t\t<\/div>\n\t\t","protected":false},"excerpt":{"rendered":"<p>\u201eWas immer du tun kannst oder tr\u00e4umst, es zu k\u00f6nnen, fang damit an! Mut hat Genie, Kraft und Zauber in&hellip;<\/p>\n","protected":false},"author":1,"featured_media":0,"parent":0,"menu_order":0,"comment_status":"closed","ping_status":"closed","template":"","meta":{"footnotes":""},"class_list":["post-74","page","type-page","status-publish","hentry"],"_links":{"self":[{"href":"https:\/\/www.0-auf-100.com\/index.php?rest_route=\/wp\/v2\/pages\/74","targetHints":{"allow":["GET"]}}],"collection":[{"href":"https:\/\/www.0-auf-100.com\/index.php?rest_route=\/wp\/v2\/pages"}],"about":[{"href":"https:\/\/www.0-auf-100.com\/index.php?rest_route=\/wp\/v2\/types\/page"}],"author":[{"embeddable":true,"href":"https:\/\/www.0-auf-100.com\/index.php?rest_route=\/wp\/v2\/users\/1"}],"replies":[{"embeddable":true,"href":"https:\/\/www.0-auf-100.com\/index.php?rest_route=%2Fwp%2Fv2%2Fcomments&post=74"}],"version-history":[{"count":15,"href":"https:\/\/www.0-auf-100.com\/index.php?rest_route=\/wp\/v2\/pages\/74\/revisions"}],"predecessor-version":[{"id":1070,"href":"https:\/\/www.0-auf-100.com\/index.php?rest_route=\/wp\/v2\/pages\/74\/revisions\/1070"}],"wp:attachment":[{"href":"https:\/\/www.0-auf-100.com\/index.php?rest_route=%2Fwp%2Fv2%2Fmedia&parent=74"}],"curies":[{"name":"wp","href":"https:\/\/api.w.org\/{rel}","templated":true}]}}